{"id":34,"date":"2024-06-26T12:02:07","date_gmt":"2024-06-26T10:02:07","guid":{"rendered":"https:\/\/antongroep.nl\/loos-betonvloeren\/?page_id=34"},"modified":"2024-07-23T14:21:10","modified_gmt":"2024-07-23T12:21:10","slug":"over-ons","status":"publish","type":"page","link":"https:\/\/antongroep.nl\/loos-betonvloeren\/over-ons\/","title":{"rendered":"Over ons"},"content":{"rendered":"\n<section  class=\"section section_quote align_text_left\">\n\t<div class=\"container container-narrow-2\">\n\t\t<div class=\"section-body w-100 text-start\">\n\t\t\t<h2 class=\"section-title\"><\/h2>\n\n\t\t\t\t\t\t\t<div class=\"section-text\"><p>&#8220;<em>Hoge kwaliteit, flexibiliteit, onderscheidend vermogen <\/em>en <em>oneindige capaciteit <\/em>waarborgen wij met inzet van onze eigen specialisten.&#8221;<\/p>\n<\/div>\n\t\t\t\n\t\t\t\t\t<\/div>\n\t<\/div>\n<\/section>\n\n\n\n<section  class=\"section section_text animate variant_block-1 align_text_left\" >\n\t\t<div class=\"container\">\n\t\t<div class=\"section-inner\">\n\n\t\t\t<div class=\"row gx-4 gx-xl-5 gx-xxl-6 align-items-center\">\n\t\t\t\t<div class=\"col-12 col-lg-6 col_media mx-auto mb-3 mb-md-0\">\n\t\t\t\t\t\t\t\t\t\t<img decoding=\"async\" width=\"1680\" height=\"1200\" src=\"https:\/\/antongroep.nl\/loos-betonvloeren\/wp-content\/uploads\/sites\/14\/2024\/07\/Loos-Betonvloeren-Distributiecentra-4.jpg\" class=\"section-img img-fluid rounded\" alt=\"\" srcset=\"https:\/\/antongroep.nl\/loos-betonvloeren\/wp-content\/uploads\/sites\/14\/2024\/07\/Loos-Betonvloeren-Distributiecentra-4.jpg 1680w, https:\/\/antongroep.nl\/loos-betonvloeren\/wp-content\/uploads\/sites\/14\/2024\/07\/Loos-Betonvloeren-Distributiecentra-4-300x214.jpg 300w, https:\/\/antongroep.nl\/loos-betonvloeren\/wp-content\/uploads\/sites\/14\/2024\/07\/Loos-Betonvloeren-Distributiecentra-4-768x549.jpg 768w, https:\/\/antongroep.nl\/loos-betonvloeren\/wp-content\/uploads\/sites\/14\/2024\/07\/Loos-Betonvloeren-Distributiecentra-4-1024x731.jpg 1024w, https:\/\/antongroep.nl\/loos-betonvloeren\/wp-content\/uploads\/sites\/14\/2024\/07\/Loos-Betonvloeren-Distributiecentra-4-1536x1097.jpg 1536w\" sizes=\"(max-width: 1680px) 100vw, 1680px\" \/>\t\t\t\t<\/div>\n\n\t\t\t\t\n\t\t\t\t<div class=\"col-12 col-lg-6 col_text mx-auto d-flex align-items-center\">\n\t\t\t\t\t<div class=\"section-body w-100\">\n\t\t\t\t\t\t<div class=\"section-body-inner\">\n\t\t\t\t\t\t\t<h2 class=\"section-title\"><\/h2>\n\n\t\t\t\t\t\t\t<div class=\"section-text\"><section class=\"av_textblock_section \">\n<div class=\"avia_textblock \">\n<p>Ons kenmerk is onze hoge kwaliteit, onze flexibiliteit, onderscheidend vermogen en oneindige capaciteit. Dit waarborgen wij door de inzet van ons eigen team van vakmensen, specialisten in advies, innovatief technisch ontwerp, complete uitvoering en strakke nabehandeling.<\/p>\n<\/div>\n<\/section>\n<section class=\"av_textblock_section \">\n<div class=\"avia_textblock \">\n<p>De toegevoegde waarde van Loos Betonvloeren is dat we nauw samenwerken met diverse partners, stuk voor stuk experts op hun vakgebied. Hierdoor kunnen we een compleet pakket aanbieden. Wij verzorgen onder andere:<\/p>\n<ul>\n<li>technisch ontwerp<\/li>\n<li>heiwerkzaamheden (binnen \u00e9n buiten)<\/li>\n<li>funderingswerk (van eenvoudige aanbouw t\/m complete bedrijfshallen)<\/li>\n<li>wapening (betonijzer, staalvezel of kunststofvezel)<\/li>\n<li>storten en monoliet afwerken van de betonvloer<\/li>\n<li>nabehandeling betonvloer<\/li>\n<\/ul>\n<\/div>\n<\/section>\n<\/div>\n\n\t\t\t\t\t\t\t\n\t\t\t\t\t\t\t\t<div class=\"section-buttons\">\n\t\t\t\t\t\t\t\t\t<a href=\"https:\/\/antongroep.nl\/loos-betonvloeren\/projecten\/\" class=\"btn btn-primary\" title=\"Projecten\"><span class=\"btn-inner\">Onze projecten<\/span><\/a>\t\t\t\t\t\t\t\t<\/div>\n\t\t\t\t\t\t\t\t\t\t\t\t\t<\/div>\n\t\t\t\t\t<\/div>\n\t\t\t\t<\/div>\n\t\t\t<\/div>\n\n\t\t<\/div>\n\t<\/div>\n<\/section>\n\n\n<section  class=\"section section_text animate variant_block-1 align_left align_text_left\" >\n\t\t<div class=\"container\">\n\t\t<div class=\"section-inner\">\n\n\t\t\t<div class=\"row gx-4 gx-xl-5 gx-xxl-6 align-items-center\">\n\t\t\t\t<div class=\"col-12 col-lg-6 col_media mx-auto mb-3 mb-md-0 order-md-2\">\n\t\t\t\t\t\t\t\t\t\t<img decoding=\"async\" width=\"1920\" height=\"1080\" src=\"https:\/\/antongroep.nl\/loos-betonvloeren\/wp-content\/uploads\/sites\/14\/2024\/07\/Loos-Betonvloeren-Infra-en-Civiel4-1920x1080.jpg\" class=\"section-img img-fluid rounded\" alt=\"\" \/>\t\t\t\t<\/div>\n\n\t\t\t\t\n\t\t\t\t<div class=\"col-12 col-lg-6 col_text mx-auto d-flex align-items-center\">\n\t\t\t\t\t<div class=\"section-body w-100\">\n\t\t\t\t\t\t<div class=\"section-body-inner\">\n\t\t\t\t\t\t\t<h2 class=\"section-title\"><\/h2>\n\n\t\t\t\t\t\t\t<div class=\"section-text\"><section class=\"av_textblock_section \">\n<div class=\"avia_textblock \">\n<section class=\"av_textblock_section \">\n<div class=\"avia_textblock \">\n<p>Loos Betonvloeren co\u00f6rdineert en regelt alles. Uw voordeel is dat alles uit handen wordt genomen en u te maken heeft met slechts \u00e9\u00e9n aanspreekpunt. Dit levert u zowel gemak als overzicht. Dankzij onze ruime kennis en ervaring en onze eigen betontechnologisch adviseur zijn wij perfect in staat met u mee te denken en komen we met een advies op maat.<\/p>\n<\/div>\n<\/section>\n<section class=\"av_textblock_section \">\n<div class=\"avia_textblock \">\n<p>Wij zijn een solide partner voor onze relaties en leveranciers en gericht op continu\u00efteit, duurzaamheid en veiligheid. Wij benutten en bouwen onze ruim 30 jaar aan kennis en ervaring voortdurend uit om ook in de toekomst met de hoogste kwaliteit een optimale bijdrage te leveren aan het waarmaken van ambities van klanten.<\/p>\n<\/div>\n<\/section>\n<\/div>\n<\/section>\n<\/div>\n\n\t\t\t\t\t\t\t\n\t\t\t\t\t\t\t\t<div class=\"section-buttons\">\n\t\t\t\t\t\t\t\t\t<a href=\"https:\/\/antongroep.nl\/loos-betonvloeren\/contact\/\" class=\"btn btn-primary\" title=\"Contact\"><span class=\"btn-inner\">Contact<\/span><\/a>\t\t\t\t\t\t\t\t<\/div>\n\t\t\t\t\t\t\t\t\t\t\t\t\t<\/div>\n\t\t\t\t\t<\/div>\n\t\t\t\t<\/div>\n\t\t\t<\/div>\n\n\t\t<\/div>\n\t<\/div>\n<\/section>\n\n\n<section  class=\"section section_text animate variant_simple align_right align_text_left overlay_dark has-custom-color text-white has-custom-bg parallax-vertical has_bg\"  style=\"background-image: url(https:\/\/antongroep.nl\/loos-betonvloeren\/wp-content\/uploads\/sites\/14\/2024\/07\/Loos-Betonvloeren-Utiliteitsbouw-1.jpg); background-position: 50% 50%;\">\n\t<img decoding=\"async\" width=\"2400\" height=\"1600\" src=\"https:\/\/antongroep.nl\/loos-betonvloeren\/wp-content\/uploads\/sites\/14\/2024\/07\/Loos-Betonvloeren-Utiliteitsbouw-1.jpg\" class=\"section-bg img-fluid parallax-vertical-element\" alt=\"\" srcset=\"https:\/\/antongroep.nl\/loos-betonvloeren\/wp-content\/uploads\/sites\/14\/2024\/07\/Loos-Betonvloeren-Utiliteitsbouw-1.jpg 2400w, https:\/\/antongroep.nl\/loos-betonvloeren\/wp-content\/uploads\/sites\/14\/2024\/07\/Loos-Betonvloeren-Utiliteitsbouw-1-300x200.jpg 300w, https:\/\/antongroep.nl\/loos-betonvloeren\/wp-content\/uploads\/sites\/14\/2024\/07\/Loos-Betonvloeren-Utiliteitsbouw-1-768x512.jpg 768w, https:\/\/antongroep.nl\/loos-betonvloeren\/wp-content\/uploads\/sites\/14\/2024\/07\/Loos-Betonvloeren-Utiliteitsbouw-1-1024x683.jpg 1024w, https:\/\/antongroep.nl\/loos-betonvloeren\/wp-content\/uploads\/sites\/14\/2024\/07\/Loos-Betonvloeren-Utiliteitsbouw-1-1536x1024.jpg 1536w, https:\/\/antongroep.nl\/loos-betonvloeren\/wp-content\/uploads\/sites\/14\/2024\/07\/Loos-Betonvloeren-Utiliteitsbouw-1-2048x1365.jpg 2048w\" sizes=\"(max-width: 2400px) 100vw, 2400px\" \/>\t<div class=\"container\">\n\t\t<div class=\"section-inner\">\n\n\t\t\t<div class=\"row gx-4 gx-xl-5 gx-xxl-6 align-items-center\">\n\t\t\t\t<div class=\"col-12 col-lg-6 col_media mx-auto mb-3 mb-md-0\">\n\t\t\t\t\t\t\t\t\t\t\t\t\t\t<\/div>\n\n\t\t\t\t\n\t\t\t\t<div class=\"col-12 col-lg-6 col_text mx-auto d-flex align-items-center\">\n\t\t\t\t\t<div class=\"section-body w-100\">\n\t\t\t\t\t\t<div class=\"section-body-inner\">\n\t\t\t\t\t\t\t<h2 class=\"section-title\">Loos Betonvloeren Zuid<\/h2>\n\n\t\t\t\t\t\t\t<div class=\"section-text\"><section class=\"av_textblock_section \">\n<div class=\"avia_textblock \">\n<p>Loos Betonvloeren Zuid is al meer dan 20 jaar onderdeel van de Loos Betongroep. Als zelfstandige vestiging zijn zij in staat zowel grote als kleinschalige projecten te realiseren in het zuiden van Nederland.<\/p>\n<\/div>\n<\/section>\n<section class=\"av_textblock_section \">\n<div class=\"avia_textblock \">\n<p>Binnen onze vestiging in Geleen werken wij met vakkundig personeel. Onze korte lijnen en de snelheid van reageren en acteren zijn onze sterke punten. Loos Betonvloeren Zuid onderscheid zich door de veelzijdige kennis, de hoge kwaliteit, de flexibiliteit in uitvoering en de service.<\/p>\n<\/div>\n<\/section>\n<\/div>\n\n\t\t\t\t\t\t\t\t\t\t\t\t\t<\/div>\n\t\t\t\t\t<\/div>\n\t\t\t\t<\/div>\n\t\t\t<\/div>\n\n\t\t<\/div>\n\t<\/div>\n<\/section>\n\n\n<section  class=\"section section_icon_grid\">\n\t<div class=\"container container-narrow-2\">\n\t\t<header class=\"section-header\">\n\t\t\t<h2 class=\"section-title\">Onze <em>kenmerken<\/em><\/h2>\n\n\t\t\t<div class=\"section-text\"><p>Een veelvoud aan kennis, jarenlange ervaring, innovatie en een gezonde flexibele werkmentaliteit stelt Loos Betonvloeren\u00a0in staat projecten succesvol aan te pakken. We voeren een doelgericht en duurzaam veilig en milieubewust beleid om zo succesvol te bouwen voor \u00e9n aan een nieuwe generatie.<\/p>\n<\/div>\n\t\t<\/header>\n\t<\/div>\n\n\t<div class=\"container container-narrow-icon-grid\">\n\t\t\t\t\t\t\t\t\t\t<div class=\"row row-cols-1 row-cols-md-2 row-cols-lg-3 g-3 g-md-4 mt-4\">\n\t\t\t\t\t\t\t\t\t\t\t\t\t\t<div class=\"col\">\n\t\t\t\t\t\t\t\t\t\t\t\t\n<div class=\"card card_icon_grid h-100 animate\">\n\t\t\t<div class=\"d-inline-block animate animate-scale-up\" >\n\t\t\t<img decoding=\"async\" width=\"300\" height=\"300\" src=\"https:\/\/antongroep.nl\/loos-betonvloeren\/wp-content\/uploads\/sites\/14\/2024\/06\/Anton-Groep-Home-Icons-Vakkundig-300x300.png\" class=\"card-img img-fluid\" alt=\"\" srcset=\"https:\/\/antongroep.nl\/loos-betonvloeren\/wp-content\/uploads\/sites\/14\/2024\/06\/Anton-Groep-Home-Icons-Vakkundig-300x300.png 300w, https:\/\/antongroep.nl\/loos-betonvloeren\/wp-content\/uploads\/sites\/14\/2024\/06\/Anton-Groep-Home-Icons-Vakkundig-400x400.png 400w, https:\/\/antongroep.nl\/loos-betonvloeren\/wp-content\/uploads\/sites\/14\/2024\/06\/Anton-Groep-Home-Icons-Vakkundig-600x600.png 600w, https:\/\/antongroep.nl\/loos-betonvloeren\/wp-content\/uploads\/sites\/14\/2024\/06\/Anton-Groep-Home-Icons-Vakkundig-150x150.png 150w, https:\/\/antongroep.nl\/loos-betonvloeren\/wp-content\/uploads\/sites\/14\/2024\/06\/Anton-Groep-Home-Icons-Vakkundig-768x768.png 768w, https:\/\/antongroep.nl\/loos-betonvloeren\/wp-content\/uploads\/sites\/14\/2024\/06\/Anton-Groep-Home-Icons-Vakkundig-1024x1024.png 1024w, https:\/\/antongroep.nl\/loos-betonvloeren\/wp-content\/uploads\/sites\/14\/2024\/06\/Anton-Groep-Home-Icons-Vakkundig.png 500w\" sizes=\"(max-width: 300px) 100vw, 300px\" \/>\t\t<\/div>\n\t\n\t<div class=\"card-body\">\n\t\t<h3 class=\"card-title\">Vakkundig<\/h3>\n\n\t\t\t\t\t<div class=\"card-text\"><p>Door onze jarenlange ervaring in het vak, zijn wij in staat u het juiste advies te geven over belangrijke details en toe te passen materialen.<\/p>\n<\/div>\n\t\t\t<\/div>\n<\/div>\n\t\t\t\t\t<\/div>\n\t\t\t\t\t\t\t\t\t\t\t\t\t\t\t\t\t\t\t<div class=\"col\">\n\t\t\t\t\t\t\t\t\t\t\t\t\n<div class=\"card card_icon_grid h-100 animate\">\n\t\t\t<div class=\"d-inline-block animate animate-scale-up\" style=\"--scale-up: 0.25;--delay: 0.2s;\">\n\t\t\t<img decoding=\"async\" width=\"300\" height=\"300\" src=\"https:\/\/antongroep.nl\/loos-betonvloeren\/wp-content\/uploads\/sites\/14\/2024\/06\/Anton-Groep-Home-Icons-Maatwerk-300x300.png\" class=\"card-img img-fluid\" alt=\"\" srcset=\"https:\/\/antongroep.nl\/loos-betonvloeren\/wp-content\/uploads\/sites\/14\/2024\/06\/Anton-Groep-Home-Icons-Maatwerk-300x300.png 300w, https:\/\/antongroep.nl\/loos-betonvloeren\/wp-content\/uploads\/sites\/14\/2024\/06\/Anton-Groep-Home-Icons-Maatwerk-400x400.png 400w, https:\/\/antongroep.nl\/loos-betonvloeren\/wp-content\/uploads\/sites\/14\/2024\/06\/Anton-Groep-Home-Icons-Maatwerk-600x600.png 600w, https:\/\/antongroep.nl\/loos-betonvloeren\/wp-content\/uploads\/sites\/14\/2024\/06\/Anton-Groep-Home-Icons-Maatwerk-150x150.png 150w, https:\/\/antongroep.nl\/loos-betonvloeren\/wp-content\/uploads\/sites\/14\/2024\/06\/Anton-Groep-Home-Icons-Maatwerk-768x768.png 768w, https:\/\/antongroep.nl\/loos-betonvloeren\/wp-content\/uploads\/sites\/14\/2024\/06\/Anton-Groep-Home-Icons-Maatwerk-1024x1024.png 1024w, https:\/\/antongroep.nl\/loos-betonvloeren\/wp-content\/uploads\/sites\/14\/2024\/06\/Anton-Groep-Home-Icons-Maatwerk.png 500w\" sizes=\"(max-width: 300px) 100vw, 300px\" \/>\t\t<\/div>\n\t\n\t<div class=\"card-body\">\n\t\t<h3 class=\"card-title\">Maatwerk<\/h3>\n\n\t\t\t\t\t<div class=\"card-text\"><p>Wij maken het altijd passend voor uw project. Dat is het voordeel van het hele traject in eigen beheer hebben.<\/p>\n<\/div>\n\t\t\t<\/div>\n<\/div>\n\t\t\t\t\t<\/div>\n\t\t\t\t\t\t\t\t\t\t\t\t\t\t\t\t\t\t\t<div class=\"col\">\n\t\t\t\t\t\t\t\t\t\t\t\t\n<div class=\"card card_icon_grid h-100 animate\">\n\t\t\t<div class=\"d-inline-block animate animate-scale-up\" style=\"--scale-up: 0.25;--delay: 0.4s;\">\n\t\t\t<img decoding=\"async\" width=\"300\" height=\"300\" src=\"https:\/\/antongroep.nl\/loos-betonvloeren\/wp-content\/uploads\/sites\/14\/2024\/06\/Anton-Groep-Home-Icons-Flexibiliteit-300x300.png\" class=\"card-img img-fluid\" alt=\"\" srcset=\"https:\/\/antongroep.nl\/loos-betonvloeren\/wp-content\/uploads\/sites\/14\/2024\/06\/Anton-Groep-Home-Icons-Flexibiliteit-300x300.png 300w, https:\/\/antongroep.nl\/loos-betonvloeren\/wp-content\/uploads\/sites\/14\/2024\/06\/Anton-Groep-Home-Icons-Flexibiliteit-400x400.png 400w, https:\/\/antongroep.nl\/loos-betonvloeren\/wp-content\/uploads\/sites\/14\/2024\/06\/Anton-Groep-Home-Icons-Flexibiliteit-600x600.png 600w, https:\/\/antongroep.nl\/loos-betonvloeren\/wp-content\/uploads\/sites\/14\/2024\/06\/Anton-Groep-Home-Icons-Flexibiliteit-150x150.png 150w, https:\/\/antongroep.nl\/loos-betonvloeren\/wp-content\/uploads\/sites\/14\/2024\/06\/Anton-Groep-Home-Icons-Flexibiliteit-768x768.png 768w, https:\/\/antongroep.nl\/loos-betonvloeren\/wp-content\/uploads\/sites\/14\/2024\/06\/Anton-Groep-Home-Icons-Flexibiliteit-1024x1024.png 1024w, https:\/\/antongroep.nl\/loos-betonvloeren\/wp-content\/uploads\/sites\/14\/2024\/06\/Anton-Groep-Home-Icons-Flexibiliteit.png 500w\" sizes=\"(max-width: 300px) 100vw, 300px\" \/>\t\t<\/div>\n\t\n\t<div class=\"card-body\">\n\t\t<h3 class=\"card-title\">Flexibel<\/h3>\n\n\t\t\t\t\t<div class=\"card-text\"><p>Wij zijn flexibel doordat de verschillende expertises binnen de Anton Groep elkaar uitstekend aanvullen. We passen de planning aan op uw wensen, met een keihard en ijzersterk resultaat als gevolg.<\/p>\n<\/div>\n\t\t\t<\/div>\n<\/div>\n\t\t\t\t\t<\/div>\n\t\t\t\t\t\t\t\t\t\t\t\t\t\t\t\t\t\t\t<div class=\"col\">\n\t\t\t\t\t\t\t\t\t\t\t\t\n<div class=\"card card_icon_grid h-100 animate\">\n\t\t\t<div class=\"d-inline-block animate animate-scale-up\" style=\"--scale-up: 0.25;--delay: 0.6s;\">\n\t\t\t<img decoding=\"async\" width=\"300\" height=\"300\" src=\"https:\/\/antongroep.nl\/loos-betonvloeren\/wp-content\/uploads\/sites\/14\/2024\/06\/Anton-Groep-Home-Icons-Ervaren-300x300.png\" class=\"card-img img-fluid\" alt=\"\" srcset=\"https:\/\/antongroep.nl\/loos-betonvloeren\/wp-content\/uploads\/sites\/14\/2024\/06\/Anton-Groep-Home-Icons-Ervaren-300x300.png 300w, https:\/\/antongroep.nl\/loos-betonvloeren\/wp-content\/uploads\/sites\/14\/2024\/06\/Anton-Groep-Home-Icons-Ervaren-400x400.png 400w, https:\/\/antongroep.nl\/loos-betonvloeren\/wp-content\/uploads\/sites\/14\/2024\/06\/Anton-Groep-Home-Icons-Ervaren-600x600.png 600w, https:\/\/antongroep.nl\/loos-betonvloeren\/wp-content\/uploads\/sites\/14\/2024\/06\/Anton-Groep-Home-Icons-Ervaren-150x150.png 150w, https:\/\/antongroep.nl\/loos-betonvloeren\/wp-content\/uploads\/sites\/14\/2024\/06\/Anton-Groep-Home-Icons-Ervaren-768x768.png 768w, https:\/\/antongroep.nl\/loos-betonvloeren\/wp-content\/uploads\/sites\/14\/2024\/06\/Anton-Groep-Home-Icons-Ervaren-1024x1024.png 1024w, https:\/\/antongroep.nl\/loos-betonvloeren\/wp-content\/uploads\/sites\/14\/2024\/06\/Anton-Groep-Home-Icons-Ervaren.png 500w\" sizes=\"(max-width: 300px) 100vw, 300px\" \/>\t\t<\/div>\n\t\n\t<div class=\"card-body\">\n\t\t<h3 class=\"card-title\">Ervaren<\/h3>\n\n\t\t\t\t\t<div class=\"card-text\"><p>Met meer dan 15 jaar ervaring hebben wij alles al een keer gedaan en niets is ons teveel. Daag ons uit en wij overtuigen u.<\/p>\n<\/div>\n\t\t\t<\/div>\n<\/div>\n\t\t\t\t\t<\/div>\n\t\t\t\t\t\t\t\t\t\t\t\t\t\t\t\t\t\t\t<div class=\"col\">\n\t\t\t\t\t\t\t\t\t\t\t\t\n<div class=\"card card_icon_grid h-100 animate\">\n\t\t\t<div class=\"d-inline-block animate animate-scale-up\" style=\"--scale-up: 0.25;--delay: 0.8s;\">\n\t\t\t<img decoding=\"async\" width=\"300\" height=\"300\" src=\"https:\/\/antongroep.nl\/loos-betonvloeren\/wp-content\/uploads\/sites\/14\/2024\/06\/Anton-Groep-Home-Icons-Veelzijdig-300x300.png\" class=\"card-img img-fluid\" alt=\"\" srcset=\"https:\/\/antongroep.nl\/loos-betonvloeren\/wp-content\/uploads\/sites\/14\/2024\/06\/Anton-Groep-Home-Icons-Veelzijdig-300x300.png 300w, https:\/\/antongroep.nl\/loos-betonvloeren\/wp-content\/uploads\/sites\/14\/2024\/06\/Anton-Groep-Home-Icons-Veelzijdig-400x400.png 400w, https:\/\/antongroep.nl\/loos-betonvloeren\/wp-content\/uploads\/sites\/14\/2024\/06\/Anton-Groep-Home-Icons-Veelzijdig-600x600.png 600w, https:\/\/antongroep.nl\/loos-betonvloeren\/wp-content\/uploads\/sites\/14\/2024\/06\/Anton-Groep-Home-Icons-Veelzijdig-150x150.png 150w, https:\/\/antongroep.nl\/loos-betonvloeren\/wp-content\/uploads\/sites\/14\/2024\/06\/Anton-Groep-Home-Icons-Veelzijdig-768x768.png 768w, https:\/\/antongroep.nl\/loos-betonvloeren\/wp-content\/uploads\/sites\/14\/2024\/06\/Anton-Groep-Home-Icons-Veelzijdig-1024x1024.png 1024w, https:\/\/antongroep.nl\/loos-betonvloeren\/wp-content\/uploads\/sites\/14\/2024\/06\/Anton-Groep-Home-Icons-Veelzijdig.png 500w\" sizes=\"(max-width: 300px) 100vw, 300px\" \/>\t\t<\/div>\n\t\n\t<div class=\"card-body\">\n\t\t<h3 class=\"card-title\">Veelzijdig<\/h3>\n\n\t\t\t\t\t<div class=\"card-text\"><p>Wij leveren een totaalpakket aan diensten, waardoor u terecht kunt bij \u00e9\u00e9n betrouwbare partij voor de oplossing van uw problemen.<\/p>\n<\/div>\n\t\t\t<\/div>\n<\/div>\n\t\t\t\t\t<\/div>\n\t\t\t\t\t\t\t\t\t\t\t\t\t\t\t\t\t\t\t<div class=\"col\">\n\t\t\t\t\t\t\t\t\t\t\t\t\n<div class=\"card card_icon_grid h-100 animate\">\n\t\t\t<div class=\"d-inline-block animate animate-scale-up\" style=\"--scale-up: 0.25;--delay: 1s;\">\n\t\t\t<img decoding=\"async\" width=\"300\" height=\"300\" src=\"https:\/\/antongroep.nl\/loos-betonvloeren\/wp-content\/uploads\/sites\/14\/2024\/06\/Anton-Groep-Home-Icons-Kwaliteit-300x300.png\" class=\"card-img img-fluid\" alt=\"\" srcset=\"https:\/\/antongroep.nl\/loos-betonvloeren\/wp-content\/uploads\/sites\/14\/2024\/06\/Anton-Groep-Home-Icons-Kwaliteit-300x300.png 300w, https:\/\/antongroep.nl\/loos-betonvloeren\/wp-content\/uploads\/sites\/14\/2024\/06\/Anton-Groep-Home-Icons-Kwaliteit-400x400.png 400w, https:\/\/antongroep.nl\/loos-betonvloeren\/wp-content\/uploads\/sites\/14\/2024\/06\/Anton-Groep-Home-Icons-Kwaliteit-600x600.png 600w, https:\/\/antongroep.nl\/loos-betonvloeren\/wp-content\/uploads\/sites\/14\/2024\/06\/Anton-Groep-Home-Icons-Kwaliteit-150x150.png 150w, https:\/\/antongroep.nl\/loos-betonvloeren\/wp-content\/uploads\/sites\/14\/2024\/06\/Anton-Groep-Home-Icons-Kwaliteit-768x768.png 768w, https:\/\/antongroep.nl\/loos-betonvloeren\/wp-content\/uploads\/sites\/14\/2024\/06\/Anton-Groep-Home-Icons-Kwaliteit-1024x1024.png 1024w, https:\/\/antongroep.nl\/loos-betonvloeren\/wp-content\/uploads\/sites\/14\/2024\/06\/Anton-Groep-Home-Icons-Kwaliteit.png 500w\" sizes=\"(max-width: 300px) 100vw, 300px\" \/>\t\t<\/div>\n\t\n\t<div class=\"card-body\">\n\t\t<h3 class=\"card-title\">Kwaliteit<\/h3>\n\n\t\t\t\t\t<div class=\"card-text\"><p>Wij bieden de beste kwaliteit door de inzet van onze eigen adviseur, onze eigen vakmensen en het werken met hoogwaardig materiaal.<\/p>\n<\/div>\n\t\t\t<\/div>\n<\/div>\n\t\t\t\t\t<\/div>\n\t\t\t\t\t\t\t\t\t\t\t\t<\/div>\n\t\t\t<\/div>\n\n\t<\/section>\n","protected":false},"excerpt":{"rendered":"","protected":false},"author":2,"featured_media":0,"parent":0,"menu_order":0,"comment_status":"closed","ping_status":"closed","template":"","meta":{"_monsterinsights_skip_tracking":false,"_monsterinsights_sitenote_active":false,"_monsterinsights_sitenote_note":"","_monsterinsights_sitenote_category":0,"footnotes":""},"class_list":["post-34","page","type-page","status-publish","hentry"],"aioseo_notices":[],"acf":[],"_links":{"self":[{"href":"https:\/\/antongroep.nl\/loos-betonvloeren\/wp-json\/wp\/v2\/pages\/34","targetHints":{"allow":["GET"]}}],"collection":[{"href":"https:\/\/antongroep.nl\/loos-betonvloeren\/wp-json\/wp\/v2\/pages"}],"about":[{"href":"https:\/\/antongroep.nl\/loos-betonvloeren\/wp-json\/wp\/v2\/types\/page"}],"author":[{"embeddable":true,"href":"https:\/\/antongroep.nl\/loos-betonvloeren\/wp-json\/wp\/v2\/users\/2"}],"replies":[{"embeddable":true,"href":"https:\/\/antongroep.nl\/loos-betonvloeren\/wp-json\/wp\/v2\/comments?post=34"}],"version-history":[{"count":46,"href":"https:\/\/antongroep.nl\/loos-betonvloeren\/wp-json\/wp\/v2\/pages\/34\/revisions"}],"predecessor-version":[{"id":645,"href":"https:\/\/antongroep.nl\/loos-betonvloeren\/wp-json\/wp\/v2\/pages\/34\/revisions\/645"}],"wp:attachment":[{"href":"https:\/\/antongroep.nl\/loos-betonvloeren\/wp-json\/wp\/v2\/media?parent=34"}],"curies":[{"name":"wp","href":"https:\/\/api.w.org\/{rel}","templated":true}]}}