{"id":36,"date":"2024-05-24T14:48:38","date_gmt":"2024-05-24T12:48:38","guid":{"rendered":"https:\/\/antongroep.nl\/hoogendijkbouw\/?page_id=36"},"modified":"2024-07-09T16:34:30","modified_gmt":"2024-07-09T14:34:30","slug":"staalframebouw","status":"publish","type":"page","link":"https:\/\/antongroep.nl\/hoogendijkbouw\/staalframebouw\/","title":{"rendered":"Staalframebouw"},"content":{"rendered":"\n<section  class=\"section section_quote align_text_left\">\n\t<div class=\"container container-narrow-2\">\n\t\t<div class=\"section-body w-100 text-start\">\n\t\t\t<h2 class=\"section-title\"><\/h2>\n\n\t\t\t\t\t\t\t<div class=\"section-text\"><p>&#8220;<em>Staalframebouw<\/em> is bezig aan een grote opmars: het is aardbevingsbestendig, betaalbaar, duurzaam, effici\u00ebnt, energiezuinig, kierdicht en kwaliteit. Alles in \u00e9\u00e9n bouwconcept.&#8221;<\/p>\n<\/div>\n\t\t\t\n\t\t\t\t\t<\/div>\n\t<\/div>\n<\/section>\n\n\n\n<section  class=\"section section_textcolumns\">\n\t<div class=\"container\">\n\t\t<div class=\"section-inner\">\n\t\t\t<header class=\"section-header\">\n\t\t\t\t<h2 class=\"section-title\"><\/h2>\n\t\t\t<\/header>\n\n\t\t\t\t\t\t\t\t\t\t<div class=\"row row-cols-1 row-cols-md-1\">\n\t\t\t\t\t\t\t\t\t\t\t<div class=\"col\">\n\t\t\t\t\t\t\t<div class=\"card card_text_column border-0 bg-transparent rounded-0\">\n\t<h3 class=\"card-title\"><\/h3>\n\n\t<div class=\"card-text\"><p style=\"text-align: center;\">Hoogendijk Bouw is de samenwerking aangegaan met staalframebouwer <a href=\"https:\/\/www.atlanta-mbs.com\/\">Atlanta Moderne Woningen<\/a>, expert in het bouwen van moderne staalframe bouwsystemen. Staalframebouw is uitermate geschikt voor de uitdagingen waar de hedendaagse bouw mee te maken heeft: aardbevingsbestendig, betaalbaar, duurzaam, effici\u00ebnt, energiezuinig, kierdicht en van hoge kwaliteit. Alles in \u00e9\u00e9n bouwconcept!<\/p>\n<p style=\"text-align: center;\">Ideaal voor een unieke duurzame woning of bedrijfspand.<\/p>\n<\/div>\n\n\t<\/div>\n\t\t\t\t\t\t<\/div>\n\t\t\t\t\t\t\t\t\t<\/div>\n\t\t\t\t\t<\/div>\n\t<\/div>\n<\/section>\n\n\n\n<section  class=\"section section_textcolumns\">\n\t<div class=\"container\">\n\t\t<div class=\"section-inner\">\n\t\t\t<header class=\"section-header\">\n\t\t\t\t<h2 class=\"section-title\"><\/h2>\n\t\t\t<\/header>\n\n\t\t\t\t\t\t\t\t<\/div>\n\t<\/div>\n<\/section>\n\n\n\n<section  class=\"section section_text animate variant_block-1 align_text_left\" >\n\t\t<div class=\"container\">\n\t\t<div class=\"section-inner\">\n\n\t\t\t<div class=\"row gx-4 gx-xl-5 gx-xxl-6 align-items-center\">\n\t\t\t\t<div class=\"col-12 col-lg-6 col_media mx-auto mb-3 mb-md-0\">\n\t\t\t\t\t\t\t\t\t\t<img decoding=\"async\" width=\"495\" height=\"396\" src=\"https:\/\/antongroep.nl\/hoogendijkbouw\/wp-content\/uploads\/sites\/12\/2024\/05\/395x495_staalframebouw.jpg\" class=\"section-img img-fluid rounded\" alt=\"\" srcset=\"https:\/\/antongroep.nl\/hoogendijkbouw\/wp-content\/uploads\/sites\/12\/2024\/05\/395x495_staalframebouw.jpg 495w, https:\/\/antongroep.nl\/hoogendijkbouw\/wp-content\/uploads\/sites\/12\/2024\/05\/395x495_staalframebouw-300x240.jpg 300w\" sizes=\"(max-width: 495px) 100vw, 495px\" \/>\t\t\t\t<\/div>\n\n\t\t\t\t\n\t\t\t\t<div class=\"col-12 col-lg-6 col_text mx-auto d-flex align-items-center\">\n\t\t\t\t\t<div class=\"section-body w-100\">\n\t\t\t\t\t\t<div class=\"section-body-inner\">\n\t\t\t\t\t\t\t<h2 class=\"section-title\">Voordelen <em>staalframebouw<\/em><\/h2>\n\n\t\t\t\t\t\t\t<div class=\"section-text\"><ul>\n<li>Staalframebouw bouwt duurzaam, milieuvriendelijk en betaalbaar<\/li>\n<li>Staalframebouw biedt meer ontwerpvrijheid<\/li>\n<li>Staalframebouw maakt de aanleg van Domotica goedkoper<\/li>\n<li>Staalframebouw bouwt sneller dan traditioneel bouwen en daardoor lagere rentekosten<\/li>\n<li>Staalframebouw beperkt\u00a0 elektromagnetische straling, doordat alle wanden, vloeren en daken geaard zijn met de grond waarop het huis staat<\/li>\n<li>Staalframebouw is energiebesparend met als resultaat een v\u00e9\u00e9l lagere energierekening dan bij traditioneel bouwen<\/li>\n<li>Staalframebouw is stil, heeft een fijne akoestiek en cre\u00ebert daarmee een groter woongenot<\/li>\n<li>Staalframewoningen zijn krimp- en rekvrij en aardbevingbestending<\/li>\n<li>Staalframebouw wordt in heel Nederland onder volledige garantie gebouwd<\/li>\n<li>Staalframebouw voldoet qua brand, constructie, akoestiek, thermische- en trillingseisen aan alle eisen van het Bouwbesluit<\/li>\n<\/ul>\n<\/div>\n\n\t\t\t\t\t\t\t\t\t\t\t\t\t<\/div>\n\t\t\t\t\t<\/div>\n\t\t\t\t<\/div>\n\t\t\t<\/div>\n\n\t\t<\/div>\n\t<\/div>\n<\/section>\n\n\n<section  class=\"section section_text animate variant_simple align_left align_text_left overlay_dark has-custom-color text-white has-custom-bg parallax-vertical has_bg\"  style=\"background-image: url(https:\/\/antongroep.nl\/hoogendijkbouw\/wp-content\/uploads\/sites\/12\/2024\/05\/Staalframebouw_tekening_uitvoering.jpg); background-position: 50% 50%;\">\n\t<img decoding=\"async\" width=\"403\" height=\"287\" src=\"https:\/\/antongroep.nl\/hoogendijkbouw\/wp-content\/uploads\/sites\/12\/2024\/05\/Staalframebouw_tekening_uitvoering.jpg\" class=\"section-bg img-fluid parallax-vertical-element\" alt=\"\" srcset=\"https:\/\/antongroep.nl\/hoogendijkbouw\/wp-content\/uploads\/sites\/12\/2024\/05\/Staalframebouw_tekening_uitvoering.jpg 403w, https:\/\/antongroep.nl\/hoogendijkbouw\/wp-content\/uploads\/sites\/12\/2024\/05\/Staalframebouw_tekening_uitvoering-300x214.jpg 300w\" sizes=\"(max-width: 403px) 100vw, 403px\" \/>\t<div class=\"container\">\n\t\t<div class=\"section-inner\">\n\n\t\t\t<div class=\"row gx-4 gx-xl-5 gx-xxl-6 align-items-center\">\n\t\t\t\t<div class=\"col-12 col-lg-6 col_media mx-auto mb-3 mb-md-0 order-md-2\">\n\t\t\t\t\t\t\t\t\t\t\t\t\t\t<\/div>\n\n\t\t\t\t\n\t\t\t\t<div class=\"col-12 col-lg-6 col_text mx-auto d-flex align-items-center\">\n\t\t\t\t\t<div class=\"section-body w-100\">\n\t\t\t\t\t\t<div class=\"section-body-inner\">\n\t\t\t\t\t\t\t<h2 class=\"section-title\"><\/h2>\n\n\t\t\t\t\t\t\t<div class=\"section-text\"><p>Staalframebouw biedt eindeloze mogelijkheden als het gaat om het ontwerpen van uw droomwoning. Atlanta ontwerpt uw unieke staalframebouw woning en Hoogendijk Bouw realiseert deze speciaal voor u ontworpen woning. We laten u graag kennismaken met een aantal mogelijkheden.<\/p>\n<\/div>\n\n\t\t\t\t\t\t\t\n\t\t\t\t\t\t\t\t<div class=\"section-buttons\">\n\t\t\t\t\t\t\t\t\t<a href=\"https:\/\/antongroep.nl\/Hoogendijkbouw\/contact\/\" class=\"btn btn-outline-light\" title=\"Contact\"><span class=\"btn-inner\">Contact<\/span><\/a>\t\t\t\t\t\t\t\t<\/div>\n\t\t\t\t\t\t\t\t\t\t\t\t\t<\/div>\n\t\t\t\t\t<\/div>\n\t\t\t\t<\/div>\n\t\t\t<\/div>\n\n\t\t<\/div>\n\t<\/div>\n<\/section>\n\n\n<section  class=\"section section_projects\">\n\t<div class=\"container\">\n\t\t<header class=\"section-header\">\n\t\t\t<h2 class=\"section-title\">Gerealiseerd door Hoogendijk Bouw:<\/h2>\n\t\t<\/header>\n\n\t\t\n\t\t\n\t\t\n\t\t\t<\/div>\n<\/section>\n","protected":false},"excerpt":{"rendered":"","protected":false},"author":3,"featured_media":0,"parent":0,"menu_order":0,"comment_status":"closed","ping_status":"closed","template":"","meta":{"_monsterinsights_skip_tracking":false,"_monsterinsights_sitenote_active":false,"_monsterinsights_sitenote_note":"","_monsterinsights_sitenote_category":0,"footnotes":""},"class_list":["post-36","page","type-page","status-publish","hentry"],"aioseo_notices":[],"acf":[],"_links":{"self":[{"href":"https:\/\/antongroep.nl\/hoogendijkbouw\/wp-json\/wp\/v2\/pages\/36","targetHints":{"allow":["GET"]}}],"collection":[{"href":"https:\/\/antongroep.nl\/hoogendijkbouw\/wp-json\/wp\/v2\/pages"}],"about":[{"href":"https:\/\/antongroep.nl\/hoogendijkbouw\/wp-json\/wp\/v2\/types\/page"}],"author":[{"embeddable":true,"href":"https:\/\/antongroep.nl\/hoogendijkbouw\/wp-json\/wp\/v2\/users\/3"}],"replies":[{"embeddable":true,"href":"https:\/\/antongroep.nl\/hoogendijkbouw\/wp-json\/wp\/v2\/comments?post=36"}],"version-history":[{"count":55,"href":"https:\/\/antongroep.nl\/hoogendijkbouw\/wp-json\/wp\/v2\/pages\/36\/revisions"}],"predecessor-version":[{"id":723,"href":"https:\/\/antongroep.nl\/hoogendijkbouw\/wp-json\/wp\/v2\/pages\/36\/revisions\/723"}],"wp:attachment":[{"href":"https:\/\/antongroep.nl\/hoogendijkbouw\/wp-json\/wp\/v2\/media?parent=36"}],"curies":[{"name":"wp","href":"https:\/\/api.w.org\/{rel}","templated":true}]}}