{"id":1327,"date":"2026-04-17T13:17:15","date_gmt":"2026-04-17T11:17:15","guid":{"rendered":"https:\/\/antongroep.nl\/hoogendijkbouw\/?page_id=1327"},"modified":"2026-04-17T13:43:38","modified_gmt":"2026-04-17T11:43:38","slug":"industrie","status":"publish","type":"page","link":"https:\/\/antongroep.nl\/hoogendijkbouw\/industrie\/","title":{"rendered":"Industrie"},"content":{"rendered":"\n<section  class=\"section section_quote align_text_left\">\n\t<div class=\"container container-narrow-2\">\n\t\t<div class=\"section-body w-100 text-start\">\n\t\t\t<h2 class=\"section-title\"><\/h2>\n\n\t\t\t\t\t\t\t<div class=\"section-text\"><p>&#8220;Bouwen in de industrie vraagt om p<em>recisie, veiligheid en een partner die weet wat er speelt<\/em>.&#8221;<\/p>\n<\/div>\n\t\t\t\n\t\t\t\t\t<\/div>\n\t<\/div>\n<\/section>\n\n\n\n<section  class=\"section section_text animate variant_block-1 align_text_left\" >\n\t\t<div class=\"container\">\n\t\t<div class=\"section-inner\">\n\n\t\t\t<div class=\"row gx-4 gx-xl-5 gx-xxl-6 align-items-center\">\n\t\t\t\t<div class=\"col-12 col-lg-6 col_media mx-auto mb-3 mb-md-0\">\n\t\t\t\t\t\t\t\t\t\t<img decoding=\"async\" width=\"1200\" height=\"800\" src=\"https:\/\/antongroep.nl\/hoogendijkbouw\/wp-content\/uploads\/sites\/12\/2024\/07\/IMG_0907klein.jpg\" class=\"section-img img-fluid rounded\" alt=\"\" srcset=\"https:\/\/antongroep.nl\/hoogendijkbouw\/wp-content\/uploads\/sites\/12\/2024\/07\/IMG_0907klein.jpg 1200w, https:\/\/antongroep.nl\/hoogendijkbouw\/wp-content\/uploads\/sites\/12\/2024\/07\/IMG_0907klein-300x200.jpg 300w, https:\/\/antongroep.nl\/hoogendijkbouw\/wp-content\/uploads\/sites\/12\/2024\/07\/IMG_0907klein-768x512.jpg 768w, https:\/\/antongroep.nl\/hoogendijkbouw\/wp-content\/uploads\/sites\/12\/2024\/07\/IMG_0907klein-1024x683.jpg 1024w\" sizes=\"(max-width: 1200px) 100vw, 1200px\" \/>\t\t\t\t<\/div>\n\n\t\t\t\t\n\t\t\t\t<div class=\"col-12 col-lg-6 col_text mx-auto d-flex align-items-center\">\n\t\t\t\t\t<div class=\"section-body w-100\">\n\t\t\t\t\t\t<div class=\"section-body-inner\">\n\t\t\t\t\t\t\t<h2 class=\"section-title\"><\/h2>\n\n\t\t\t\t\t\t\t<div class=\"section-text\"><p>Binnen industri\u00eble omgevingen draait alles om continu\u00efteit, veiligheid en effici\u00ebntie. Hoogendijk Bouw is de professionele bouwpartner voor complexe projecten binnen de industrie, waarbij werkzaamheden vaak plaatsvinden in operationele omgevingen zoals productie- en verwerkingslocaties.<\/p>\n<p>In deze omgevingen begrijpen wij als geen ander dat bouwen verder gaat dan alleen het realiseren van een constructie. Het vraagt om strakke planning, minimale verstoring van processen en het werken volgens de hoogste veiligheidsnormen.<\/p>\n<p>Met onze ervaring binnen de utiliteitsbouw en de kracht van de Anton Groep beschikken wij over de kennis en slagkracht om projecten integraal aan te pakken. Van voorbereiding en engineering tot uitvoering en oplevering. Onze specialisten zijn gewend om te werken binnen complexe en risicovolle omgevingen, waarbij flexibiliteit en vakmanschap essentieel zijn. Door nauw samen te werken met opdrachtgevers en andere betrokken partijen realiseren wij duurzame oplossingen die aansluiten op de praktijk van vandaag \u00e9n morgen.<\/p>\n<\/div>\n\n\t\t\t\t\t\t\t\n\t\t\t\t\t\t\t\t<div class=\"section-buttons\">\n\t\t\t\t\t\t\t\t\t<a href=\"https:\/\/antongroep.nl\/hoogendijkbouw\/contact\/\" class=\"btn btn-primary\" title=\"Contact\"><span class=\"btn-inner\">Contact<\/span><\/a>\t\t\t\t\t\t\t\t<\/div>\n\t\t\t\t\t\t\t\t\t\t\t\t\t<\/div>\n\t\t\t\t\t<\/div>\n\t\t\t\t<\/div>\n\t\t\t<\/div>\n\n\t\t<\/div>\n\t<\/div>\n<\/section>\n\n\n<section  class=\"section section_projects\">\n\t<div class=\"container\">\n\t\t<header class=\"section-header\">\n\t\t\t<h2 class=\"section-title\">Projecten <\/h2>\n\t\t<\/header>\n\n\t\t\n\t\t\n\t\t\n\t\t\t<\/div>\n<\/section>\n","protected":false},"excerpt":{"rendered":"","protected":false},"author":3,"featured_media":0,"parent":0,"menu_order":0,"comment_status":"closed","ping_status":"closed","template":"","meta":{"_monsterinsights_skip_tracking":false,"_monsterinsights_sitenote_active":false,"_monsterinsights_sitenote_note":"","_monsterinsights_sitenote_category":0,"footnotes":""},"class_list":["post-1327","page","type-page","status-publish","hentry"],"aioseo_notices":[],"acf":[],"_links":{"self":[{"href":"https:\/\/antongroep.nl\/hoogendijkbouw\/wp-json\/wp\/v2\/pages\/1327","targetHints":{"allow":["GET"]}}],"collection":[{"href":"https:\/\/antongroep.nl\/hoogendijkbouw\/wp-json\/wp\/v2\/pages"}],"about":[{"href":"https:\/\/antongroep.nl\/hoogendijkbouw\/wp-json\/wp\/v2\/types\/page"}],"author":[{"embeddable":true,"href":"https:\/\/antongroep.nl\/hoogendijkbouw\/wp-json\/wp\/v2\/users\/3"}],"replies":[{"embeddable":true,"href":"https:\/\/antongroep.nl\/hoogendijkbouw\/wp-json\/wp\/v2\/comments?post=1327"}],"version-history":[{"count":6,"href":"https:\/\/antongroep.nl\/hoogendijkbouw\/wp-json\/wp\/v2\/pages\/1327\/revisions"}],"predecessor-version":[{"id":1342,"href":"https:\/\/antongroep.nl\/hoogendijkbouw\/wp-json\/wp\/v2\/pages\/1327\/revisions\/1342"}],"wp:attachment":[{"href":"https:\/\/antongroep.nl\/hoogendijkbouw\/wp-json\/wp\/v2\/media?parent=1327"}],"curies":[{"name":"wp","href":"https:\/\/api.w.org\/{rel}","templated":true}]}}