{"id":306,"date":"2024-06-03T16:26:38","date_gmt":"2024-06-03T14:26:38","guid":{"rendered":"https:\/\/antongroep.nl\/civiel-infra\/?page_id=306"},"modified":"2025-03-25T12:04:37","modified_gmt":"2025-03-25T11:04:37","slug":"over-ons","status":"publish","type":"page","link":"https:\/\/antongroep.nl\/civiel-infra\/over-ons\/","title":{"rendered":"Over ons"},"content":{"rendered":"\n<section  class=\"section section_quote align_text_left\">\n\t<div class=\"container container-narrow-2\">\n\t\t<div class=\"section-body w-100 text-start\">\n\t\t\t<h2 class=\"section-title\"><\/h2>\n\n\t\t\t\t\t\t\t<div class=\"section-text\"><p>\u201c <em>Verbeteren en bouwen<\/em> aan de infrastructuur van onze regio. \u201d<\/p>\n<\/div>\n\t\t\t\n\t\t\t\t\t<\/div>\n\t<\/div>\n<\/section>\n\n\n\n<section  class=\"section section_text animate variant_block-1 align_left align_text_left\" >\n\t\t<div class=\"container\">\n\t\t<div class=\"section-inner\">\n\n\t\t\t<div class=\"row gx-4 gx-xl-5 gx-xxl-6 align-items-center\">\n\t\t\t\t<div class=\"col-12 col-lg-6 col_media mx-auto mb-3 mb-md-0 order-md-2\">\n\t\t\t\t\t\t\t\t\t\t<img decoding=\"async\" width=\"900\" height=\"600\" src=\"https:\/\/antongroep.nl\/civiel-infra\/wp-content\/uploads\/sites\/4\/2024\/04\/Home-Expertise-01.jpg\" class=\"section-img img-fluid rounded\" alt=\"\" srcset=\"https:\/\/antongroep.nl\/civiel-infra\/wp-content\/uploads\/sites\/4\/2024\/04\/Home-Expertise-01.jpg 900w, https:\/\/antongroep.nl\/civiel-infra\/wp-content\/uploads\/sites\/4\/2024\/04\/Home-Expertise-01-300x200.jpg 300w, https:\/\/antongroep.nl\/civiel-infra\/wp-content\/uploads\/sites\/4\/2024\/04\/Home-Expertise-01-768x512.jpg 768w\" sizes=\"(max-width: 900px) 100vw, 900px\" \/>\t\t\t\t<\/div>\n\n\t\t\t\t\n\t\t\t\t<div class=\"col-12 col-lg-6 col_text mx-auto d-flex align-items-center\">\n\t\t\t\t\t<div class=\"section-body w-100\">\n\t\t\t\t\t\t<div class=\"section-body-inner\">\n\t\t\t\t\t\t\t<h2 class=\"section-title\"><\/h2>\n\n\t\t\t\t\t\t\t<div class=\"section-text\"><p>Wij zijn Anton Civiel en Infra B.V., een kleinschalig, inventief en hecht bedrijf met vakmensen en aankomend talent als onderdeel van de <a href=\"https:\/\/antongroep.nl\/\" target=\"_blank\" rel=\"noopener\">Anton Groep<\/a>. Wij verbeteren de bestaande publieke voorzieningen en bouwen aan de nieuwe infrastructuur van onze regio samen met opdrachtgevers binnen de publieke sector. Dit doen wij door met onze opdrachtgevers de uitdagingen en vraagstukken van vandaag en morgen aan te vliegen als \u00e9\u00e9n team \u00e9\u00e9n taak.\n<\/p>\n<p>\nAls contractpartner geloven wij heilig dat het nastreven van deze verbinding met wederzijds vertrouwen tussen de teams met oog voor elkaars belangen en ieder zijn eigen verantwoordelijkheden hand in hand gaan met de kwaliteit van het eindproduct. Naast ons eigen team en materieelpark werken wij graag met een groep van vaste onderaannemers om ongeacht de uitdagingen die op ons pad komen snel te kunnen opschalen en verwachtingen na te komen.<\/p>\n<\/div>\n\n\t\t\t\t\t\t\t\n\t\t\t\t\t\t\t\t<div class=\"section-buttons\">\n\t\t\t\t\t\t\t\t\t<a href=\"https:\/\/antongroep.nl\/civiel-infra\/projecten\/\" class=\"btn btn-primary\" title=\"Projecten\"><span class=\"btn-inner\">Onze projecten<\/span><\/a>\t\t\t\t\t\t\t\t<\/div>\n\t\t\t\t\t\t\t\t\t\t\t\t\t<\/div>\n\t\t\t\t\t<\/div>\n\t\t\t\t<\/div>\n\t\t\t<\/div>\n\n\t\t<\/div>\n\t<\/div>\n<\/section>\n\n\n<section  class=\"section section_icon_grid\">\n\t<div class=\"container container-narrow-2\">\n\t\t<header class=\"section-header\">\n\t\t\t<h2 class=\"section-title\">Onze <em>kenmerken<\/em><\/h2>\n\n\t\t\t<div class=\"section-text\"><p>Een veelvoud aan kennis, jarenlange ervaring, innovatie en een gezonde flexibele werkmentaliteit stelt Anton Civiel & Infra in staat projecten succesvol aan te pakken. We voeren een doelgericht en duurzaam veilig en milieubewust beleid om zo succesvol te bouwen voor \u00e9n aan een nieuwe generatie.<\/p>\n<\/div>\n\t\t<\/header>\n\t<\/div>\n\n\t<div class=\"container container-narrow-icon-grid\">\n\t\t\t\t\t\t\t\t\t\t<div class=\"row row-cols-1 row-cols-md-2 row-cols-lg-3 g-3 g-md-4 mt-4\">\n\t\t\t\t\t\t\t\t\t\t\t\t\t\t<div class=\"col\">\n\t\t\t\t\t\t\t\t\t\t\t\t\n<div class=\"card card_icon_grid h-100 animate\">\n\t\t\t<div class=\"d-inline-block animate animate-scale-up\" >\n\t\t\t<img decoding=\"async\" width=\"300\" height=\"300\" src=\"https:\/\/antongroep.nl\/civiel-infra\/wp-content\/uploads\/sites\/4\/2024\/06\/Anton-Groep-Home-Icons-Vakkundig-300x300.png\" class=\"card-img img-fluid\" alt=\"\" srcset=\"https:\/\/antongroep.nl\/civiel-infra\/wp-content\/uploads\/sites\/4\/2024\/06\/Anton-Groep-Home-Icons-Vakkundig-300x300.png 300w, https:\/\/antongroep.nl\/civiel-infra\/wp-content\/uploads\/sites\/4\/2024\/06\/Anton-Groep-Home-Icons-Vakkundig-400x400.png 400w, https:\/\/antongroep.nl\/civiel-infra\/wp-content\/uploads\/sites\/4\/2024\/06\/Anton-Groep-Home-Icons-Vakkundig-600x600.png 600w, https:\/\/antongroep.nl\/civiel-infra\/wp-content\/uploads\/sites\/4\/2024\/06\/Anton-Groep-Home-Icons-Vakkundig-150x150.png 150w, https:\/\/antongroep.nl\/civiel-infra\/wp-content\/uploads\/sites\/4\/2024\/06\/Anton-Groep-Home-Icons-Vakkundig-768x768.png 768w, https:\/\/antongroep.nl\/civiel-infra\/wp-content\/uploads\/sites\/4\/2024\/06\/Anton-Groep-Home-Icons-Vakkundig-1024x1024.png 1024w, https:\/\/antongroep.nl\/civiel-infra\/wp-content\/uploads\/sites\/4\/2024\/06\/Anton-Groep-Home-Icons-Vakkundig.png 500w\" sizes=\"(max-width: 300px) 100vw, 300px\" \/>\t\t<\/div>\n\t\n\t<div class=\"card-body\">\n\t\t<h3 class=\"card-title\">Vakkundig<\/h3>\n\n\t\t\t\t\t<div class=\"card-text\"><p>Door onze jarenlange ervaring in het vak, zijn wij in staat u het juiste advies te geven over belangrijke details en toe te passen materialen.<\/p>\n<\/div>\n\t\t\t<\/div>\n<\/div>\n\t\t\t\t\t<\/div>\n\t\t\t\t\t\t\t\t\t\t\t\t\t\t\t\t\t\t\t<div class=\"col\">\n\t\t\t\t\t\t\t\t\t\t\t\t\n<div class=\"card card_icon_grid h-100 animate\">\n\t\t\t<div class=\"d-inline-block animate animate-scale-up\" style=\"--scale-up: 0.25;--delay: 0.2s;\">\n\t\t\t<img decoding=\"async\" width=\"300\" height=\"300\" src=\"https:\/\/antongroep.nl\/civiel-infra\/wp-content\/uploads\/sites\/4\/2024\/06\/Anton-Groep-Home-Icons-Maatwerk-300x300.png\" class=\"card-img img-fluid\" alt=\"\" srcset=\"https:\/\/antongroep.nl\/civiel-infra\/wp-content\/uploads\/sites\/4\/2024\/06\/Anton-Groep-Home-Icons-Maatwerk-300x300.png 300w, https:\/\/antongroep.nl\/civiel-infra\/wp-content\/uploads\/sites\/4\/2024\/06\/Anton-Groep-Home-Icons-Maatwerk-400x400.png 400w, https:\/\/antongroep.nl\/civiel-infra\/wp-content\/uploads\/sites\/4\/2024\/06\/Anton-Groep-Home-Icons-Maatwerk-600x600.png 600w, https:\/\/antongroep.nl\/civiel-infra\/wp-content\/uploads\/sites\/4\/2024\/06\/Anton-Groep-Home-Icons-Maatwerk-150x150.png 150w, https:\/\/antongroep.nl\/civiel-infra\/wp-content\/uploads\/sites\/4\/2024\/06\/Anton-Groep-Home-Icons-Maatwerk-768x768.png 768w, https:\/\/antongroep.nl\/civiel-infra\/wp-content\/uploads\/sites\/4\/2024\/06\/Anton-Groep-Home-Icons-Maatwerk-1024x1024.png 1024w, https:\/\/antongroep.nl\/civiel-infra\/wp-content\/uploads\/sites\/4\/2024\/06\/Anton-Groep-Home-Icons-Maatwerk.png 500w\" sizes=\"(max-width: 300px) 100vw, 300px\" \/>\t\t<\/div>\n\t\n\t<div class=\"card-body\">\n\t\t<h3 class=\"card-title\">Maatwerk<\/h3>\n\n\t\t\t\t\t<div class=\"card-text\"><p>Wij maken het altijd passend voor uw project. Dat is het voordeel van het hele traject in eigen beheer hebben.<\/p>\n<\/div>\n\t\t\t<\/div>\n<\/div>\n\t\t\t\t\t<\/div>\n\t\t\t\t\t\t\t\t\t\t\t\t\t\t\t\t\t\t\t<div class=\"col\">\n\t\t\t\t\t\t\t\t\t\t\t\t\n<div class=\"card card_icon_grid h-100 animate\">\n\t\t\t<div class=\"d-inline-block animate animate-scale-up\" style=\"--scale-up: 0.25;--delay: 0.4s;\">\n\t\t\t<img decoding=\"async\" width=\"300\" height=\"300\" src=\"https:\/\/antongroep.nl\/civiel-infra\/wp-content\/uploads\/sites\/4\/2024\/06\/Anton-Groep-Home-Icons-Flexibiliteit-300x300.png\" class=\"card-img img-fluid\" alt=\"\" srcset=\"https:\/\/antongroep.nl\/civiel-infra\/wp-content\/uploads\/sites\/4\/2024\/06\/Anton-Groep-Home-Icons-Flexibiliteit-300x300.png 300w, https:\/\/antongroep.nl\/civiel-infra\/wp-content\/uploads\/sites\/4\/2024\/06\/Anton-Groep-Home-Icons-Flexibiliteit-400x400.png 400w, https:\/\/antongroep.nl\/civiel-infra\/wp-content\/uploads\/sites\/4\/2024\/06\/Anton-Groep-Home-Icons-Flexibiliteit-600x600.png 600w, https:\/\/antongroep.nl\/civiel-infra\/wp-content\/uploads\/sites\/4\/2024\/06\/Anton-Groep-Home-Icons-Flexibiliteit-150x150.png 150w, https:\/\/antongroep.nl\/civiel-infra\/wp-content\/uploads\/sites\/4\/2024\/06\/Anton-Groep-Home-Icons-Flexibiliteit-768x768.png 768w, https:\/\/antongroep.nl\/civiel-infra\/wp-content\/uploads\/sites\/4\/2024\/06\/Anton-Groep-Home-Icons-Flexibiliteit-1024x1024.png 1024w, https:\/\/antongroep.nl\/civiel-infra\/wp-content\/uploads\/sites\/4\/2024\/06\/Anton-Groep-Home-Icons-Flexibiliteit.png 500w\" sizes=\"(max-width: 300px) 100vw, 300px\" \/>\t\t<\/div>\n\t\n\t<div class=\"card-body\">\n\t\t<h3 class=\"card-title\">Flexibel<\/h3>\n\n\t\t\t\t\t<div class=\"card-text\"><p>Wij zijn flexibel doordat de verschillende expertises binnen de Anton Groep elkaar uitstekend aanvullen. We passen de planning aan op uw wensen, met een keihard en ijzersterk resultaat als gevolg.<\/p>\n<\/div>\n\t\t\t<\/div>\n<\/div>\n\t\t\t\t\t<\/div>\n\t\t\t\t\t\t\t\t\t\t\t\t\t\t\t\t\t\t\t<div class=\"col\">\n\t\t\t\t\t\t\t\t\t\t\t\t\n<div class=\"card card_icon_grid h-100 animate\">\n\t\t\t<div class=\"d-inline-block animate animate-scale-up\" style=\"--scale-up: 0.25;--delay: 0.6s;\">\n\t\t\t<img decoding=\"async\" width=\"300\" height=\"300\" src=\"https:\/\/antongroep.nl\/civiel-infra\/wp-content\/uploads\/sites\/4\/2024\/06\/Anton-Groep-Home-Icons-Ervaren-300x300.png\" class=\"card-img img-fluid\" alt=\"\" srcset=\"https:\/\/antongroep.nl\/civiel-infra\/wp-content\/uploads\/sites\/4\/2024\/06\/Anton-Groep-Home-Icons-Ervaren-300x300.png 300w, https:\/\/antongroep.nl\/civiel-infra\/wp-content\/uploads\/sites\/4\/2024\/06\/Anton-Groep-Home-Icons-Ervaren-400x400.png 400w, https:\/\/antongroep.nl\/civiel-infra\/wp-content\/uploads\/sites\/4\/2024\/06\/Anton-Groep-Home-Icons-Ervaren-600x600.png 600w, https:\/\/antongroep.nl\/civiel-infra\/wp-content\/uploads\/sites\/4\/2024\/06\/Anton-Groep-Home-Icons-Ervaren-150x150.png 150w, https:\/\/antongroep.nl\/civiel-infra\/wp-content\/uploads\/sites\/4\/2024\/06\/Anton-Groep-Home-Icons-Ervaren-768x768.png 768w, https:\/\/antongroep.nl\/civiel-infra\/wp-content\/uploads\/sites\/4\/2024\/06\/Anton-Groep-Home-Icons-Ervaren-1024x1024.png 1024w, https:\/\/antongroep.nl\/civiel-infra\/wp-content\/uploads\/sites\/4\/2024\/06\/Anton-Groep-Home-Icons-Ervaren.png 500w\" sizes=\"(max-width: 300px) 100vw, 300px\" \/>\t\t<\/div>\n\t\n\t<div class=\"card-body\">\n\t\t<h3 class=\"card-title\">Ervaren<\/h3>\n\n\t\t\t\t\t<div class=\"card-text\"><p>Met meer dan 15 jaar ervaring hebben wij alles al een keer gedaan en niets is ons teveel. Daag ons uit en wij overtuigen u.<\/p>\n<\/div>\n\t\t\t<\/div>\n<\/div>\n\t\t\t\t\t<\/div>\n\t\t\t\t\t\t\t\t\t\t\t\t\t\t\t\t\t\t\t<div class=\"col\">\n\t\t\t\t\t\t\t\t\t\t\t\t\n<div class=\"card card_icon_grid h-100 animate\">\n\t\t\t<div class=\"d-inline-block animate animate-scale-up\" style=\"--scale-up: 0.25;--delay: 0.8s;\">\n\t\t\t<img decoding=\"async\" width=\"300\" height=\"300\" src=\"https:\/\/antongroep.nl\/civiel-infra\/wp-content\/uploads\/sites\/4\/2024\/06\/Anton-Groep-Home-Icons-Veelzijdig-300x300.png\" class=\"card-img img-fluid\" alt=\"\" srcset=\"https:\/\/antongroep.nl\/civiel-infra\/wp-content\/uploads\/sites\/4\/2024\/06\/Anton-Groep-Home-Icons-Veelzijdig-300x300.png 300w, https:\/\/antongroep.nl\/civiel-infra\/wp-content\/uploads\/sites\/4\/2024\/06\/Anton-Groep-Home-Icons-Veelzijdig-400x400.png 400w, https:\/\/antongroep.nl\/civiel-infra\/wp-content\/uploads\/sites\/4\/2024\/06\/Anton-Groep-Home-Icons-Veelzijdig-600x600.png 600w, https:\/\/antongroep.nl\/civiel-infra\/wp-content\/uploads\/sites\/4\/2024\/06\/Anton-Groep-Home-Icons-Veelzijdig-150x150.png 150w, https:\/\/antongroep.nl\/civiel-infra\/wp-content\/uploads\/sites\/4\/2024\/06\/Anton-Groep-Home-Icons-Veelzijdig-768x768.png 768w, https:\/\/antongroep.nl\/civiel-infra\/wp-content\/uploads\/sites\/4\/2024\/06\/Anton-Groep-Home-Icons-Veelzijdig-1024x1024.png 1024w, https:\/\/antongroep.nl\/civiel-infra\/wp-content\/uploads\/sites\/4\/2024\/06\/Anton-Groep-Home-Icons-Veelzijdig.png 500w\" sizes=\"(max-width: 300px) 100vw, 300px\" \/>\t\t<\/div>\n\t\n\t<div class=\"card-body\">\n\t\t<h3 class=\"card-title\">Veelzijdig<\/h3>\n\n\t\t\t\t\t<div class=\"card-text\"><p>Wij leveren een totaalpakket aan diensten, waardoor u terecht kunt bij \u00e9\u00e9n betrouwbare partij voor de oplossing van uw problemen.<\/p>\n<\/div>\n\t\t\t<\/div>\n<\/div>\n\t\t\t\t\t<\/div>\n\t\t\t\t\t\t\t\t\t\t\t\t\t\t\t\t\t\t\t<div class=\"col\">\n\t\t\t\t\t\t\t\t\t\t\t\t\n<div class=\"card card_icon_grid h-100 animate\">\n\t\t\t<div class=\"d-inline-block animate animate-scale-up\" style=\"--scale-up: 0.25;--delay: 1s;\">\n\t\t\t<img decoding=\"async\" width=\"300\" height=\"300\" src=\"https:\/\/antongroep.nl\/civiel-infra\/wp-content\/uploads\/sites\/4\/2024\/06\/Anton-Groep-Home-Icons-Kwaliteit-300x300.png\" class=\"card-img img-fluid\" alt=\"\" srcset=\"https:\/\/antongroep.nl\/civiel-infra\/wp-content\/uploads\/sites\/4\/2024\/06\/Anton-Groep-Home-Icons-Kwaliteit-300x300.png 300w, https:\/\/antongroep.nl\/civiel-infra\/wp-content\/uploads\/sites\/4\/2024\/06\/Anton-Groep-Home-Icons-Kwaliteit-400x400.png 400w, https:\/\/antongroep.nl\/civiel-infra\/wp-content\/uploads\/sites\/4\/2024\/06\/Anton-Groep-Home-Icons-Kwaliteit-600x600.png 600w, https:\/\/antongroep.nl\/civiel-infra\/wp-content\/uploads\/sites\/4\/2024\/06\/Anton-Groep-Home-Icons-Kwaliteit-150x150.png 150w, https:\/\/antongroep.nl\/civiel-infra\/wp-content\/uploads\/sites\/4\/2024\/06\/Anton-Groep-Home-Icons-Kwaliteit-768x768.png 768w, https:\/\/antongroep.nl\/civiel-infra\/wp-content\/uploads\/sites\/4\/2024\/06\/Anton-Groep-Home-Icons-Kwaliteit-1024x1024.png 1024w, https:\/\/antongroep.nl\/civiel-infra\/wp-content\/uploads\/sites\/4\/2024\/06\/Anton-Groep-Home-Icons-Kwaliteit.png 500w\" sizes=\"(max-width: 300px) 100vw, 300px\" \/>\t\t<\/div>\n\t\n\t<div class=\"card-body\">\n\t\t<h3 class=\"card-title\">Kwaliteit<\/h3>\n\n\t\t\t\t\t<div class=\"card-text\"><p>Wij bieden de beste kwaliteit door de inzet van onze eigen adviseur, onze eigen vakmensen en het werken met hoogwaardig materiaal.<\/p>\n<\/div>\n\t\t\t<\/div>\n<\/div>\n\t\t\t\t\t<\/div>\n\t\t\t\t\t\t\t\t\t\t\t\t<\/div>\n\t\t\t<\/div>\n\n\t<\/section>\n","protected":false},"excerpt":{"rendered":"","protected":false},"author":4,"featured_media":0,"parent":0,"menu_order":0,"comment_status":"closed","ping_status":"closed","template":"","meta":{"_monsterinsights_skip_tracking":false,"_monsterinsights_sitenote_active":false,"_monsterinsights_sitenote_note":"","_monsterinsights_sitenote_category":0,"footnotes":""},"class_list":["post-306","page","type-page","status-publish","hentry"],"aioseo_notices":[],"acf":[],"_links":{"self":[{"href":"https:\/\/antongroep.nl\/civiel-infra\/wp-json\/wp\/v2\/pages\/306","targetHints":{"allow":["GET"]}}],"collection":[{"href":"https:\/\/antongroep.nl\/civiel-infra\/wp-json\/wp\/v2\/pages"}],"about":[{"href":"https:\/\/antongroep.nl\/civiel-infra\/wp-json\/wp\/v2\/types\/page"}],"author":[{"embeddable":true,"href":"https:\/\/antongroep.nl\/civiel-infra\/wp-json\/wp\/v2\/users\/4"}],"replies":[{"embeddable":true,"href":"https:\/\/antongroep.nl\/civiel-infra\/wp-json\/wp\/v2\/comments?post=306"}],"version-history":[{"count":36,"href":"https:\/\/antongroep.nl\/civiel-infra\/wp-json\/wp\/v2\/pages\/306\/revisions"}],"predecessor-version":[{"id":1422,"href":"https:\/\/antongroep.nl\/civiel-infra\/wp-json\/wp\/v2\/pages\/306\/revisions\/1422"}],"wp:attachment":[{"href":"https:\/\/antongroep.nl\/civiel-infra\/wp-json\/wp\/v2\/media?parent=306"}],"curies":[{"name":"wp","href":"https:\/\/api.w.org\/{rel}","templated":true}]}}